{"id":3,"date":"2022-07-05T10:52:57","date_gmt":"2022-07-05T10:52:57","guid":{"rendered":"http:\/\/piratesicorsarisillesmedes.cat\/?page_id=3"},"modified":"2022-07-08T17:08:19","modified_gmt":"2022-07-08T15:08:19","slug":"privacy-policy","status":"publish","type":"page","link":"https:\/\/piratesicorsarisillesmedes.cat\/?page_id=3","title":{"rendered":"Pol\u00edtica de privacitat"},"content":{"rendered":"\n<h2 class=\"wp-block-heading\"><\/h2>\n\n\n\n<p>L\u2019ASSOCIACI\u00d3 ESTACI\u00d3 N\u00c0UTICA L&#8217;ESTARTIT-ILLES MEDES es compromet a protegir la privacitat dels usuaris que accedeixin a aquesta web i\/o qualsevol dels seus serveis. La utilitzaci\u00f3 de la web i\/o de qualsevol dels serveis oferts per l\u2019ASSOCIACI\u00d3 ESTACI\u00d3 N\u00c0UTICA L&#8217;ESTARTIT-ILLES MEDES implica l&#8217;acceptaci\u00f3 per l&#8217;usuari de les disposicions contingudes en la present Pol\u00edtica de Privacitat i que les seves dades personals siguin tractades segons s&#8217;estipula en ella. Si us plau, tingui en compte que tot i que hi pugui haver enlla\u00e7os de la nostra web a d\u2019altres webs, aquesta Pol\u00edtica de Privacitat no s&#8217;aplica a les webs d&#8217;altres companyies o organitzacions a les que la web estigui redirigida. L\u2019ASSOCIACI\u00d3 ESTACI\u00d3 N\u00c0UTICA L&#8217;ESTARTIT-ILLES MEDES no controla el contingut de les webs de tercers ni accepta qualsevol responsabilitat pel contingut o les pol\u00edtiques de privacitat d&#8217;aquestes webs<\/p>\n\n\n\n<p><\/p>\n\n\n\n<p><\/p>\n\n\n\n<p><\/p>\n\n\n\n<p><\/p>\n\n\n\n<p><\/p>\n","protected":false},"excerpt":{"rendered":"<p>L\u2019ASSOCIACI\u00d3 ESTACI\u00d3 N\u00c0UTICA L&#8217;ESTARTIT-ILLES MEDES es compromet a protegir la privacitat dels usuaris que accedeixin a aquesta web i\/o qualsevol dels seus serveis. La utilitzaci\u00f3 de la web i\/o de qualsevol dels serveis oferts per l\u2019ASSOCIACI\u00d3 ESTACI\u00d3 N\u00c0UTICA L&#8217;ESTARTIT-ILLES MEDES implica l&#8217;acceptaci\u00f3 per l&#8217;usuari de les disposicions contingudes en la present Pol\u00edtica de Privacitat i [&hellip;]<\/p>\n","protected":false},"author":1,"featured_media":0,"parent":0,"menu_order":0,"comment_status":"closed","ping_status":"closed","template":"","meta":{"ngg_post_thumbnail":0,"footnotes":""},"class_list":["post-3","page","type-page","status-publish","hentry"],"_links":{"self":[{"href":"https:\/\/piratesicorsarisillesmedes.cat\/index.php?rest_route=\/wp\/v2\/pages\/3","targetHints":{"allow":["GET"]}}],"collection":[{"href":"https:\/\/piratesicorsarisillesmedes.cat\/index.php?rest_route=\/wp\/v2\/pages"}],"about":[{"href":"https:\/\/piratesicorsarisillesmedes.cat\/index.php?rest_route=\/wp\/v2\/types\/page"}],"author":[{"embeddable":true,"href":"https:\/\/piratesicorsarisillesmedes.cat\/index.php?rest_route=\/wp\/v2\/users\/1"}],"replies":[{"embeddable":true,"href":"https:\/\/piratesicorsarisillesmedes.cat\/index.php?rest_route=%2Fwp%2Fv2%2Fcomments&post=3"}],"version-history":[{"count":2,"href":"https:\/\/piratesicorsarisillesmedes.cat\/index.php?rest_route=\/wp\/v2\/pages\/3\/revisions"}],"predecessor-version":[{"id":17,"href":"https:\/\/piratesicorsarisillesmedes.cat\/index.php?rest_route=\/wp\/v2\/pages\/3\/revisions\/17"}],"wp:attachment":[{"href":"https:\/\/piratesicorsarisillesmedes.cat\/index.php?rest_route=%2Fwp%2Fv2%2Fmedia&parent=3"}],"curies":[{"name":"wp","href":"https:\/\/api.w.org\/{rel}","templated":true}]}}